{"id":14,"date":"2025-02-06T15:36:47","date_gmt":"2025-02-06T15:36:47","guid":{"rendered":"http:\/\/barkarquitetos.w3b.pt\/?page_id=14"},"modified":"2025-02-06T15:43:12","modified_gmt":"2025-02-06T15:43:12","slug":"sobre-nos","status":"publish","type":"page","link":"https:\/\/barkarquitetos.w3b.pt\/?page_id=14","title":{"rendered":"Sobre N\u00f3s"},"content":{"rendered":"\t\t<div data-elementor-type=\"wp-page\" data-elementor-id=\"14\" class=\"elementor elementor-14\" data-elementor-post-type=\"page\">\n\t\t\t\t<div class=\"elementor-element elementor-element-b22ce49 e-flex e-con-boxed e-con e-parent\" data-id=\"b22ce49\" data-element_type=\"container\" data-e-type=\"container\">\n\t\t\t\t\t<div class=\"e-con-inner\">\n\t\t\t\t<div class=\"elementor-element elementor-element-68948bd elementor-widget elementor-widget-heading\" data-id=\"68948bd\" data-element_type=\"widget\" data-e-type=\"widget\" data-widget_type=\"heading.default\">\n\t\t\t\t<div class=\"elementor-widget-container\">\n\t\t\t\t\t<h2 class=\"elementor-heading-title elementor-size-default\">Sobre N\u00f3s<\/h2>\t\t\t\t<\/div>\n\t\t\t\t<\/div>\n\t\t\t\t<div class=\"elementor-element elementor-element-dce5dc3 elementor-widget elementor-widget-heading\" data-id=\"dce5dc3\" data-element_type=\"widget\" data-e-type=\"widget\" data-widget_type=\"heading.default\">\n\t\t\t\t<div class=\"elementor-widget-container\">\n\t\t\t\t\t<h2 class=\"elementor-heading-title elementor-size-default\">Barka, arquitetura &amp; design \u00e9 um projeto liderado por Jo\u00e3o Lu\u00eds Branco e Tiago Vaz Barbosa, que surge da vontade de ambos de, em meados de 2023, criar uma identidade conjunta. Mais tarde, j\u00e1 no inicio de 2024, d\u00e3o inicio, enquanto gabinete de arquitetura em espa\u00e7o pr\u00f3prio, ao projeto, tendo em vista a consolida\u00e7\u00e3o da sua posi\u00e7\u00e3o na boa pr\u00e1tica da arquitetura e design.\nEste projeto surge de uma vontade conjunta de responder mais e melhor aos desafios colocados a ambos que agora se unem e apresentam solu\u00e7\u00f5es fundamentadas e concretas aos mesmos.\nAp\u00f3s alguns anos a projetar em nome pr\u00f3prio, decidem dedicar-se a tempo inteiro ao gabinete de forma a responder aos desafios solicitados pelos clientes.\nA experi\u00eancia adquirida, permite olhar para cada projeto, espa\u00e7o e condicionantes, segundo uma vis\u00e3o pr\u00f3pria da identidade do gabinete, esteticamente apelativa e com especial aten\u00e7\u00e3o ao pormenor, tendo sempre por objetivo satisfazer o programa do cliente da melhor forma e dentro dos limites legais.\nBarka, arquitetura &amp; design \u00e9 composto por uma equipa jovem e ambiciosa, que tem vindo a crescer, onde o conhecimento diverso de cada um dos seus elementos e a respetiva din\u00e2mica de grupo, se reflete na preocupa\u00e7\u00e3o do detalhe nas diferentes obras, independentemente da escala, dimens\u00e3o ou programa apresentado.<\/h2>\t\t\t\t<\/div>\n\t\t\t\t<\/div>\n\t\t\t\t\t<\/div>\n\t\t\t\t<\/div>\n\t\t\t\t<\/div>\n\t\t","protected":false},"excerpt":{"rendered":"<p>Sobre N\u00f3s Barka, arquitetura &amp; design \u00e9 um projeto liderado por Jo\u00e3o Lu\u00eds Branco e Tiago Vaz Barbosa, que surge [&hellip;]<\/p>\n","protected":false},"author":1,"featured_media":0,"parent":0,"menu_order":0,"comment_status":"closed","ping_status":"closed","template":"","meta":{"site-sidebar-layout":"no-sidebar","site-content-layout":"","ast-site-content-layout":"full-width-container","site-content-style":"default","site-sidebar-style":"default","ast-global-header-display":"","ast-banner-title-visibility":"","ast-main-header-display":"","ast-hfb-above-header-display":"","ast-hfb-below-header-display":"","ast-hfb-mobile-header-display":"","site-post-title":"disabled","ast-breadcrumbs-content":"","ast-featured-img":"disabled","footer-sml-layout":"","ast-disable-related-posts":"","theme-transparent-header-meta":"","adv-header-id-meta":"","stick-header-meta":"","header-above-stick-meta":"","header-main-stick-meta":"","header-below-stick-meta":"","astra-migrate-meta-layouts":"default","ast-page-background-enabled":"default","ast-page-background-meta":{"desktop":{"background-color":"var(--ast-global-color-5)","background-image":"","background-repeat":"repeat","background-position":"center center","background-size":"auto","background-attachment":"scroll","background-type":"","background-media":"","overlay-type":"","overlay-color":"","overlay-opacity":"","overlay-gradient":""},"tablet":{"background-color":"","background-image":"","background-repeat":"repeat","background-position":"center center","background-size":"auto","background-attachment":"scroll","background-type":"","background-media":"","overlay-type":"","overlay-color":"","overlay-opacity":"","overlay-gradient":""},"mobile":{"background-color":"","background-image":"","background-repeat":"repeat","background-position":"center center","background-size":"auto","background-attachment":"scroll","background-type":"","background-media":"","overlay-type":"","overlay-color":"","overlay-opacity":"","overlay-gradient":""}},"ast-content-background-meta":{"desktop":{"background-color":"var(--ast-global-color-4)","background-image":"","background-repeat":"repeat","background-position":"center center","background-size":"auto","background-attachment":"scroll","background-type":"","background-media":"","overlay-type":"","overlay-color":"","overlay-opacity":"","overlay-gradient":""},"tablet":{"background-color":"var(--ast-global-color-4)","background-image":"","background-repeat":"repeat","background-position":"center center","background-size":"auto","background-attachment":"scroll","background-type":"","background-media":"","overlay-type":"","overlay-color":"","overlay-opacity":"","overlay-gradient":""},"mobile":{"background-color":"var(--ast-global-color-4)","background-image":"","background-repeat":"repeat","background-position":"center center","background-size":"auto","background-attachment":"scroll","background-type":"","background-media":"","overlay-type":"","overlay-color":"","overlay-opacity":"","overlay-gradient":""}},"footnotes":""},"class_list":["post-14","page","type-page","status-publish","hentry"],"_links":{"self":[{"href":"https:\/\/barkarquitetos.w3b.pt\/index.php?rest_route=\/wp\/v2\/pages\/14","targetHints":{"allow":["GET"]}}],"collection":[{"href":"https:\/\/barkarquitetos.w3b.pt\/index.php?rest_route=\/wp\/v2\/pages"}],"about":[{"href":"https:\/\/barkarquitetos.w3b.pt\/index.php?rest_route=\/wp\/v2\/types\/page"}],"author":[{"embeddable":true,"href":"https:\/\/barkarquitetos.w3b.pt\/index.php?rest_route=\/wp\/v2\/users\/1"}],"replies":[{"embeddable":true,"href":"https:\/\/barkarquitetos.w3b.pt\/index.php?rest_route=%2Fwp%2Fv2%2Fcomments&post=14"}],"version-history":[{"count":4,"href":"https:\/\/barkarquitetos.w3b.pt\/index.php?rest_route=\/wp\/v2\/pages\/14\/revisions"}],"predecessor-version":[{"id":28,"href":"https:\/\/barkarquitetos.w3b.pt\/index.php?rest_route=\/wp\/v2\/pages\/14\/revisions\/28"}],"wp:attachment":[{"href":"https:\/\/barkarquitetos.w3b.pt\/index.php?rest_route=%2Fwp%2Fv2%2Fmedia&parent=14"}],"curies":[{"name":"wp","href":"https:\/\/api.w.org\/{rel}","templated":true}]}}